{"id":9,"date":"2026-05-04T18:32:16","date_gmt":"2026-05-04T18:32:16","guid":{"rendered":"https:\/\/heyriostays.com\/home\/"},"modified":"2026-05-04T18:32:16","modified_gmt":"2026-05-04T18:32:16","slug":"home","status":"publish","type":"page","link":"https:\/\/heyriostays.com\/en\/","title":{"rendered":"Home"},"content":{"rendered":"<div data-elementor-type=\"wp-page\" data-elementor-id=\"9\" class=\"elementor elementor-9\">\n\t\t\t\t<div class=\"elementor-element elementor-element-ddccf30 e-grid hostinger-ai-background-video e-con-boxed e-con e-parent\" data-id=\"ddccf30\" data-element_type=\"container\" data-e-type=\"container\" data-settings=\"{&quot;background_background&quot;:&quot;video&quot;,&quot;background_video_link&quot;:&quot;https:\\\/\\\/videos.pexels.com\\\/video-files\\\/8629575\\\/8629575-hd_1366_720_25fps.mp4&quot;,&quot;background_play_on_mobile&quot;:&quot;yes&quot;}\">\n\t\t\t\t\t<div class=\"e-con-inner\">\n\t\t<div class=\"elementor-background-video-container\">\n\t\t\t\t\t\t\t<video class=\"elementor-background-video-hosted\" role=\"presentation\" autoplay muted playsinline loop><\/video>\n\t\t\t\t\t<\/div><div class=\"elementor-element elementor-element-bf47763 e-con-full e-flex e-con e-child\" data-id=\"bf47763\" data-element_type=\"container\" data-e-type=\"container\">\n\t\t\t\t<div class=\"elementor-element elementor-element-078e88c hostinger-ai-title elementor-widget__width-initial elementor-widget elementor-widget-heading\" data-id=\"078e88c\" data-element_type=\"widget\" data-e-type=\"widget\" data-widget_type=\"heading.default\">\n\t\t\t\t\t<h1 class=\"elementor-heading-title elementor-size-default\">Seu ref\u00fagio no cora\u00e7\u00e3o do Rio<\/h1>\t\t\t\t<\/div>\n\t\t\t\t<div class=\"elementor-element elementor-element-66661dc hostinger-ai-description elementor-widget__width-initial elementor-widget elementor-widget-text-editor\" data-id=\"66661dc\" data-element_type=\"widget\" data-e-type=\"widget\" data-widget_type=\"text-editor.default\">\n\t\t\t\t\t\t\t\t\tDicas, passeios e tudo para sua estadia perfeita.\t\t\t\t\t\t\t\t<\/div>\n\t\t<div class=\"elementor-element elementor-element-ccb619d e-con-full e-flex e-con e-child\" data-id=\"ccb619d\" data-element_type=\"container\" data-e-type=\"container\">\n\t\t\t\t<div class=\"elementor-element elementor-element-c61a073 hostinger-ai-cta-button hostinger-index-0 elementor-align-center elementor-widget-mobile__width-inherit elementor-mobile-align-justify elementor-widget elementor-widget-button\" data-id=\"c61a073\" data-element_type=\"widget\" data-e-type=\"widget\" data-widget_type=\"button.default\">\n\t\t\t\t\t\t\t\t\t\t<a class=\"elementor-button elementor-button-link elementor-size-sm\" href=\"https:\/\/heyriostays.com\/en\/hello-world\/\">\n\t\t\t\t\t\t<span class=\"elementor-button-content-wrapper\">\n\t\t\t\t\t\t\t\t\t<span class=\"elementor-button-text\">Confira<\/span>\n\t\t\t\t\t<\/span>\n\t\t\t\t\t<\/a>\n\t\t\t\t\t\t\t\t<\/div>\n\t\t\t\t<div class=\"elementor-element elementor-element-026cf3c hostinger-ai-cta-button hostinger-index-1 elementor-align-center elementor-widget-mobile__width-inherit elementor-widget elementor-widget-button\" data-id=\"026cf3c\" data-element_type=\"widget\" data-e-type=\"widget\" data-widget_type=\"button.default\">\n\t\t\t\t\t\t\t\t\t\t<a class=\"elementor-button elementor-button-link elementor-size-sm\" href=\"https:\/\/hostinger-wp-blocks.com\/\">\n\t\t\t\t\t\t<span class=\"elementor-button-content-wrapper\">\n\t\t\t\t\t\t\t\t\t<span class=\"elementor-button-text\">Learn more \u2192<\/span>\n\t\t\t\t\t<\/span>\n\t\t\t\t\t<\/a>\n\t\t\t\t\t\t\t\t<\/div>\n\t\t\t\t<\/div>\n\t\t\t\t<\/div>\n\t\t\t\t\t<\/div>\n\t\t\t\t<\/div>\n\t\t<div class=\"elementor-element elementor-element-76384ba hostinger-ai-our-services-2 e-flex e-con-boxed e-con e-parent\" data-id=\"76384ba\" data-element_type=\"container\" data-e-type=\"container\" data-settings=\"{&quot;background_background&quot;:&quot;classic&quot;}\">\n\t\t\t\t\t<div class=\"e-con-inner\">\n\t\t<div class=\"elementor-element elementor-element-6aabfe1 e-con-full e-flex e-con e-child\" data-id=\"6aabfe1\" data-element_type=\"container\" data-e-type=\"container\">\n\t\t\t\t<div class=\"elementor-element elementor-element-f7ed4dd hostinger-ai-title elementor-widget elementor-widget-heading\" data-id=\"f7ed4dd\" data-element_type=\"widget\" data-e-type=\"widget\" data-widget_type=\"heading.default\">\n\t\t\t\t\t<h2 class=\"elementor-heading-title elementor-size-default\">Nossos Servi\u00e7os<\/h2>\t\t\t\t<\/div>\n\t\t<div class=\"elementor-element elementor-element-fdcb56c e-grid e-con-full e-con e-child\" data-id=\"fdcb56c\" data-element_type=\"container\" data-e-type=\"container\">\n\t\t<div class=\"elementor-element elementor-element-df3b27a e-con-full e-flex e-con e-child\" data-id=\"df3b27a\" data-element_type=\"container\" data-e-type=\"container\">\n\t\t\t\t<div class=\"elementor-element elementor-element-d13d5fe hostinger-ai-service-image elementor-widget elementor-widget-image\" data-id=\"d13d5fe\" data-element_type=\"widget\" data-e-type=\"widget\" data-widget_type=\"image.default\">\n\t\t\t\t\t\t\t\t\t\t\t\t\t\t\t<img decoding=\"async\" src=\"https:\/\/images.unsplash.com\/photo-1613991911851-117d02feb263?q=85&#038;w=340&#038;h=340&#038;fit=crop\" title=\"\" alt=\"\" loading=\"lazy\" \/>\t\t\t\t\t\t\t\t\t\t\t\t\t\t\t<\/div>\n\t\t\t\t<div class=\"elementor-element elementor-element-3e790c6 hostinger-ai-service-description elementor-widget elementor-widget-text-editor\" data-id=\"3e790c6\" data-element_type=\"widget\" data-e-type=\"widget\" data-widget_type=\"text-editor.default\">\n\t\t\t\t\t\t\t\t\tInforma\u00e7\u00f5es detalhadas sobre passeios e pontos tur\u00edsticos locais.\t\t\t\t\t\t\t\t<\/div>\n\t\t\t\t<\/div>\n\t\t<div class=\"elementor-element elementor-element-0d9383c e-con-full e-flex e-con e-child\" data-id=\"0d9383c\" data-element_type=\"container\" data-e-type=\"container\">\n\t\t\t\t<div class=\"elementor-element elementor-element-3377a60 hostinger-ai-service-image hostinger-index-1 elementor-widget elementor-widget-image\" data-id=\"3377a60\" data-element_type=\"widget\" data-e-type=\"widget\" data-widget_type=\"image.default\">\n\t\t\t\t\t\t\t\t\t\t\t\t\t\t\t<img decoding=\"async\" src=\"https:\/\/images.unsplash.com\/photo-1691621184987-27ffe52b5c27?q=85&#038;w=340&#038;h=340&#038;fit=crop\" title=\"\" alt=\"\" loading=\"lazy\" \/>\t\t\t\t\t\t\t\t\t\t\t\t\t\t\t<\/div>\n\t\t\t\t<div class=\"elementor-element elementor-element-97eff75 hostinger-ai-service-description hostinger-index-1 elementor-widget elementor-widget-text-editor\" data-id=\"97eff75\" data-element_type=\"widget\" data-e-type=\"widget\" data-widget_type=\"text-editor.default\">\n\t\t\t\t\t\t\t\t\tDicas dos melhores lugares para comer e aproveitar a cidade.\t\t\t\t\t\t\t\t<\/div>\n\t\t\t\t<\/div>\n\t\t<div class=\"elementor-element elementor-element-cb22ced e-con-full e-flex e-con e-child\" data-id=\"cb22ced\" data-element_type=\"container\" data-e-type=\"container\">\n\t\t\t\t<div class=\"elementor-element elementor-element-7f71384 hostinger-ai-service-image hostinger-index-2 elementor-widget elementor-widget-image\" data-id=\"7f71384\" data-element_type=\"widget\" data-e-type=\"widget\" data-widget_type=\"image.default\">\n\t\t\t\t\t\t\t\t\t\t\t\t\t\t\t<img decoding=\"async\" src=\"https:\/\/images.unsplash.com\/photo-1616502844612-4b3d523fc00e?q=85&#038;w=340&#038;h=340&#038;fit=crop\" title=\"\" alt=\"\" loading=\"lazy\" \/>\t\t\t\t\t\t\t\t\t\t\t\t\t\t\t<\/div>\n\t\t\t\t<div class=\"elementor-element elementor-element-9a21c25 hostinger-ai-service-description hostinger-index-1 elementor-widget elementor-widget-text-editor\" data-id=\"9a21c25\" data-element_type=\"widget\" data-e-type=\"widget\" data-widget_type=\"text-editor.default\">\n\t\t\t\t\t\t\t\t\tDicas dos melhores lugares para comer e aproveitar a cidade.\t\t\t\t\t\t\t\t<\/div>\n\t\t\t\t<\/div>\n\t\t\t\t<\/div>\n\t\t\t\t<\/div>\n\t\t\t\t\t<\/div>\n\t\t\t\t<\/div>\n\t\t<div class=\"elementor-element elementor-element-9479030 hostinger-ai-background-image e-flex e-con-boxed e-con e-parent\" data-id=\"9479030\" data-element_type=\"container\" data-e-type=\"container\" data-settings=\"{&quot;background_background&quot;:&quot;classic&quot;}\">\n\t\t\t\t\t<div class=\"e-con-inner\">\n\t\t\t\t<div class=\"elementor-element elementor-element-8ffd61b hostinger-ai-title elementor-widget elementor-widget-heading\" data-id=\"8ffd61b\" data-element_type=\"widget\" data-e-type=\"widget\" data-widget_type=\"heading.default\">\n\t\t\t\t\t<h2 class=\"elementor-heading-title elementor-size-default\">Fique Conectado<\/h2>\t\t\t\t<\/div>\n\t\t\t\t<div class=\"elementor-element elementor-element-f3c9011 hostinger-ai-description elementor-widget elementor-widget-text-editor\" data-id=\"f3c9011\" data-element_type=\"widget\" data-e-type=\"widget\" data-widget_type=\"text-editor.default\">\n\t\t\t\t\t\t\t\t\tReceba dicas exclusivas, avisos importantes e novidades direto no seu e-mail.\t\t\t\t\t\t\t\t<\/div>\n\t\t\t\t<div class=\"elementor-element elementor-element-7763be8 elementor-widget__width-initial elementor-widget elementor-widget-hostinger-reach\" data-id=\"7763be8\" data-element_type=\"widget\" data-e-type=\"widget\" data-widget_type=\"hostinger-reach.default\">\n\t\t\t\t<div class=\"elementor-widget-container\">\n\t\t\t\t\t        <div class=\"hostinger-reach-block-subscription-form-wrapper\">\n\n            <form id=\"elementor-hostinger-reach-form-2082986136102578177\" class=\"hostinger-reach-block-subscription-form\" action=\"\">\n                <input type=\"hidden\" name=\"group\" value=\"\">\n                <input type=\"hidden\" name=\"id\" value=\"elementor-hostinger-reach-form-2082986136102578177\">\n                <input type=\"hidden\" name=\"tags\" value=\"\">\n                <input type=\"hidden\" name=\"metadata.plugin\" value=\"elementor\">\n\n                <div\n                    class=\"hostinger-reach-block-form-fields\">\n                    <div class=\"hostinger-reach-block-form-field\">\n                        <label\n                            for=\"elementor-hostinger-reach-form-2082986136102578177-email\">Email                            <span class=\"required\">*<\/span><\/label>\n                        <input type=\"email\" id=\"elementor-hostinger-reach-form-2082986136102578177-email\" name=\"email\" required>\n                    <\/div>\n\n                    \n                    \n                    <button\n                        type=\"submit\"\n                        class=\"hostinger-reach-block-submit has-light-color has-color-3-background-color has-text-color has-background has-link-color\"\n                        >\n                        Subscribe                    <\/button>\n                <\/div>\n\n                <div class=\"reach-subscription-message\" style=\"display: none;\">\n                    <div class=\"reach-subscription-message__icon\" style=\"display: none;\">\n                        <svg width=\"24\" height=\"24\" viewbox=\"0 0 24 24\" fill=\"none\" xmlns=\"http:\/\/www.w3.org\/2000\/svg\">\n                            <path d=\"M21.0455 5.95463C21.4848 6.39397 21.4848 7.10628 21.0455 7.54562L11.5076 17.0835C10.9511 17.64 10.0489 17.64 9.49237 17.0835L5.2045 12.7956C4.76517 12.3563 4.76517 11.644 5.2045 11.2046C5.64384 10.7653 6.35616 10.7653 6.7955 11.2046L10.5 14.9091L19.4545 5.95463C19.8938 5.51529 20.6062 5.51529 21.0455 5.95463Z\" fill=\"#18181A\"\/>\n                        <\/svg>\n                    <\/div>\n                    <div class=\"reach-subscription-message__text\">\n                        Subscription form is not available at the moment                    <\/div>\n                <\/div>\n            <input type=\"hidden\" name=\"trp-form-language\" value=\"en\"\/><\/form>\n        <\/div>\n        \t\t\t\t<\/div>\n\t\t\t\t<\/div>\n\t\t\t\t\t<\/div>\n\t\t\t\t<\/div>\n\t\t\t\t<\/div>","protected":false},"excerpt":{"rendered":"","protected":false},"author":1,"featured_media":0,"parent":0,"menu_order":0,"comment_status":"closed","ping_status":"closed","template":"","meta":{"site-sidebar-layout":"default","site-content-layout":"","ast-site-content-layout":"default","site-content-style":"default","site-sidebar-style":"default","ast-global-header-display":"","ast-banner-title-visibility":"","ast-main-header-display":"","ast-hfb-above-header-display":"","ast-hfb-below-header-display":"","ast-hfb-mobile-header-display":"","site-post-title":"","ast-breadcrumbs-content":"","ast-featured-img":"","footer-sml-layout":"","ast-disable-related-posts":"","theme-transparent-header-meta":"","adv-header-id-meta":"","stick-header-meta":"","header-above-stick-meta":"","header-main-stick-meta":"","header-below-stick-meta":"","astra-migrate-meta-layouts":"default","ast-page-background-enabled":"default","ast-page-background-meta":{"desktop":{"background-color":"var(--ast-global-color-5)","background-image":"","background-repeat":"repeat","background-position":"center center","background-size":"auto","background-attachment":"scroll","background-type":"","background-media":"","overlay-type":"","overlay-color":"","overlay-opacity":"","overlay-gradient":""},"tablet":{"background-color":"","background-image":"","background-repeat":"repeat","background-position":"center center","background-size":"auto","background-attachment":"scroll","background-type":"","background-media":"","overlay-type":"","overlay-color":"","overlay-opacity":"","overlay-gradient":""},"mobile":{"background-color":"","background-image":"","background-repeat":"repeat","background-position":"center center","background-size":"auto","background-attachment":"scroll","background-type":"","background-media":"","overlay-type":"","overlay-color":"","overlay-opacity":"","overlay-gradient":""}},"ast-content-background-meta":{"desktop":{"background-color":"var(--ast-global-color-4)","background-image":"","background-repeat":"repeat","background-position":"center center","background-size":"auto","background-attachment":"scroll","background-type":"","background-media":"","overlay-type":"","overlay-color":"","overlay-opacity":"","overlay-gradient":""},"tablet":{"background-color":"var(--ast-global-color-4)","background-image":"","background-repeat":"repeat","background-position":"center center","background-size":"auto","background-attachment":"scroll","background-type":"","background-media":"","overlay-type":"","overlay-color":"","overlay-opacity":"","overlay-gradient":""},"mobile":{"background-color":"var(--ast-global-color-4)","background-image":"","background-repeat":"repeat","background-position":"center center","background-size":"auto","background-attachment":"scroll","background-type":"","background-media":"","overlay-type":"","overlay-color":"","overlay-opacity":"","overlay-gradient":""}},"footnotes":""},"class_list":["post-9","page","type-page","status-publish","hentry"],"aioseo_notices":[],"_hostinger_reach_plugin_has_subscription_block":false,"_hostinger_reach_plugin_is_elementor":false,"_links":{"self":[{"href":"https:\/\/heyriostays.com\/en\/wp-json\/wp\/v2\/pages\/9","targetHints":{"allow":["GET"]}}],"collection":[{"href":"https:\/\/heyriostays.com\/en\/wp-json\/wp\/v2\/pages"}],"about":[{"href":"https:\/\/heyriostays.com\/en\/wp-json\/wp\/v2\/types\/page"}],"author":[{"embeddable":true,"href":"https:\/\/heyriostays.com\/en\/wp-json\/wp\/v2\/users\/1"}],"replies":[{"embeddable":true,"href":"https:\/\/heyriostays.com\/en\/wp-json\/wp\/v2\/comments?post=9"}],"version-history":[{"count":0,"href":"https:\/\/heyriostays.com\/en\/wp-json\/wp\/v2\/pages\/9\/revisions"}],"wp:attachment":[{"href":"https:\/\/heyriostays.com\/en\/wp-json\/wp\/v2\/media?parent=9"}],"curies":[{"name":"wp","href":"https:\/\/api.w.org\/{rel}","templated":true}]}}